{"id":1414,"date":"2016-07-04T08:35:06","date_gmt":"2016-07-04T08:35:06","guid":{"rendered":"https:\/\/frutasplasencia.com\/mas-informacion-sobre-las-cookies\/"},"modified":"2021-08-10T11:55:54","modified_gmt":"2021-08-10T09:55:54","slug":"mas-informacion-sobre-las-cookies","status":"publish","type":"page","link":"https:\/\/frutasplasencia.com\/de\/mas-informacion-sobre-las-cookies\/","title":{"rendered":"Weitere Informationen zu Cookies"},"content":{"rendered":"<h2>Was ist ein Cookie?<\/h2>\n<p>Ein Cookie ist eine harmlose Textdatei, die in Ihrem Browser gespeichert wird, wenn Sie fast jede Webseite besuchen. Der Nutzen des Cookies besteht darin, dass sich das Web an Ihren Besuch erinnern kann, wenn Sie auf diese Seite zur\u00fcckkehren. Obwohl viele es nicht wissen, werden Cookies seit 20 Jahren verwendet, als die ersten Browser f\u00fcr das World Wide Web auftauchten.<\/p>\n<h2>Was ist KEIN Cookie?<\/h2>\n<p>Es ist kein Virus, kein Trojaner, kein Wurm, kein Spam, keine Spyware, noch \u00f6ffnet es Popup-Fenster.<\/p>\n<h2>Welche Informationen speichert ein Cookie?<\/h2>\n<p>Las cookies no suelen almacenar informaci\u00f3n sensible sobre usted, como tarjetas de cr\u00e9dito o datos bancarios, fotograf\u00edas, su DNI o informaci\u00f3n personal, etc. Los datos que guardan son de car\u00e1cter t\u00e9cnico, preferencias personales, personalizaci\u00f3n de contenidos, etc.<\/p>\n<p>El servidor web no le asocia a usted como persona si no a su navegador web. De hecho, si usted navega habitualmente con Internet Explorer y prueba a navegar por la misma web con Firefox o Chrome ver\u00e1 que la web no se da cuenta que es usted la misma persona porque en realidad est\u00e1 asociando al navegador, no a la persona.<span style=\"font-size: inherit;\">.<\/span><\/p>\n<h2>Welche Arten von Cookies gibt es?<\/h2>\n<ul>\n<li>Technische Cookies: Sie sind die grundlegendsten und erm\u00f6glichen unter anderem zu wissen, wann eine menschliche oder automatisierte Anwendung surft, wann ein anonymer Benutzer und ein registrierter Benutzer surfen, grundlegende Aufgaben f\u00fcr den Betrieb einer dynamischen Website..<\/li>\n<li>Analyse-Cookies: Sie sammeln Informationen \u00fcber die Art der Navigation, die Sie verwenden, die Abschnitte, die Sie am h\u00e4ufigsten verwenden, die konsultierten Produkte, die Zeitzone der Nutzung, die Sprache usw..<\/li>\n<li>Werbe-Cookies: Sie zeigen Werbung basierend auf Ihrem Surfverhalten, Ihrem Herkunftsland, Ihrer Sprache usw.<\/li>\n<\/ul>\n<h2>Was sind eigene und Drittanbieter-Cookies?<\/h2>\n<p>Eigene Cookies sind diejenigen, die von der von Ihnen besuchten Seite generiert werden, und die von Drittanbietern sind solche, die von externen Diensten oder Anbietern wie Facebook, Twitter, Google usw..<\/p>\n<h2>Was passiert, wenn ich Cookies deaktiviere?<\/h2>\n<p>Um den Umfang der Deaktivierung von Cookies zu verstehen, zeigen wir Ihnen einige Beispiele:<\/p>\n<ul>\n<li>Sie k\u00f6nnen keine Inhalte dieser Website auf Facebook, Twitter oder anderen sozialen Netzwerken teilen.<\/li>\n<li>Die Website kann den Inhalt nicht an Ihre pers\u00f6nlichen Vorlieben anpassen, wie dies in Online-Shops h\u00e4ufig der Fall ist..<\/li>\n<li>Sie k\u00f6nnen nicht auf den pers\u00f6nlichen Bereich dieser Website zugreifen, z. B. Mein Konto, Mein Profil oder Meine Bestellungen.<\/li>\n<li>Online-Shops: Es wird Ihnen nicht m\u00f6glich sein, online einzukaufen, sie m\u00fcssen telefonisch oder durch den Besuch des physischen Ladens erfolgen, falls Sie einen haben.<\/li>\n<li>Es ist nicht m\u00f6glich, Ihre geografischen Pr\u00e4ferenzen wie Zeitzone, W\u00e4hrung oder Sprache anzupassen.<\/li>\n<li>Die Website kann keine Webanalysen von Besuchern und Verkehr im Web durchf\u00fchren, was es dem Web erschwert, wettbewerbsf\u00e4hig zu sein.<\/li>\n<li>Sie k\u00f6nnen nicht auf dem Blog schreiben, Sie k\u00f6nnen keine Fotos hochladen, Kommentare posten, Inhalte bewerten oder bewerten. Das Web kann auch nicht erkennen, ob Sie ein Mensch oder eine automatisierte Anwendung sind, die Spam ver\u00f6ffentlicht.<\/li>\n<li>Es wird nicht m\u00f6glich sein, sektorisierte Werbung anzuzeigen, was die Werbeeinnahmen des Webs reduziert.<\/li>\n<li>Alle sozialen Netzwerke verwenden Cookies, wenn Sie diese deaktivieren, k\u00f6nnen Sie keine sozialen Netzwerke nutzen.<\/li>\n<\/ul>\n<h2>K\u00f6nnen Sie Cookies l\u00f6schen?<\/h2>\n<p>Ja, nicht nur l\u00f6schen, sondern auch allgemein oder speziell f\u00fcr eine bestimmte Domain blockieren.<\/p>\n<p>Um Cookies von einer Website zu l\u00f6schen, m\u00fcssen Sie in Ihre Browsereinstellungen gehen und dort nach denen suchen, die mit der betreffenden Domain verkn\u00fcpft sind, und mit dem L\u00f6schen fortfahren.<\/p>\n<p><span style=\"color: inherit; font-size: 1.95em; font-weight: 600;\">Cookie-Einstellungen f\u00fcr die g\u00e4ngigsten Browser<\/span><\/p>\n<p>So greifen Sie \u00fcber den Chrome-Browser auf ein bestimmtes Cookie zu. Hinweis: Diese Schritte k\u00f6nnen je nach Browserversion variieren:<\/p>\n<ol>\n<li>Gehen Sie \u00fcber das Men\u00fc Datei zu Einstellungen oder Voreinstellungen oder klicken Sie auf das Personalisierungssymbol, das oben rechts angezeigt wird.<\/li>\n<li>Sie sehen verschiedene Abschnitte, klicken Sie auf die Option Erweiterte Optionen anzeigen.<\/li>\n<li>Gehen Sie zu Datenschutz, Inhaltseinstellungen.<\/li>\n<li>W\u00e4hlen Sie Alle Cookies und Websitedaten.<\/li>\n<li>Es erscheint eine Liste mit allen nach Domain sortierten Cookies. Um Ihnen das Auffinden der Cookies einer bestimmten Domain zu erleichtern, geben Sie die Adresse ganz oder teilweise in das Feld Suche nach Cookies ein.<\/li>\n<li>Nach Durchf\u00fchrung dieses Filters erscheinen auf dem Bildschirm eine oder mehrere Zeilen mit den Cookies des angeforderten Webs. Jetzt m\u00fcssen Sie es nur noch ausw\u00e4hlen und das X dr\u00fccken, um mit seiner Beseitigung fortzufahren.<\/li>\n<\/ol>\n<p>Um auf die Cookie-Einstellungen des Internet Explorer-Browsers zuzugreifen, befolgen Sie diese Schritte (sie k\u00f6nnen je nach Browserversion variieren):<\/p>\n<ol>\n<li>Gehen Sie zu Extras, Internetoptionen<\/li>\n<li>Klicken Sie auf Datenschutz.<\/li>\n<li>Bewegen Sie den Schieberegler, um die gew\u00fcnschte Privatsph\u00e4re einzustellen.<\/li>\n<\/ol>\n<p>Um auf die Cookie-Einstellungen des Firefox-Browsers zuzugreifen, befolgen Sie diese Schritte (sie k\u00f6nnen je nach Browserversion variieren .)):<\/p>\n<ol>\n<li>Gehen Sie je nach Betriebssystem zu Optionen oder Einstellungen.<\/li>\n<li>Klicken Sie auf Datenschutz.<\/li>\n<li>W\u00e4hlen Sie unter Verlauf die Option Benutzerdefinierte Einstellungen f\u00fcr Verlauf verwenden.<\/li>\n<li>Jetzt sehen Sie die Option Cookies akzeptieren, die Sie nach Ihren W\u00fcnschen aktivieren oder deaktivieren k\u00f6nnen.<\/li>\n<\/ol>\n<p>Um auf die Cookie-Einstellungen des Safari-Browsers f\u00fcr OSX zuzugreifen, befolgen Sie diese Schritte (sie k\u00f6nnen je nach Browserversion variieren):<\/p>\n<ol>\n<li>Gehen Sie zu Einstellungen, dann Datenschutz.<\/li>\n<li>An dieser Stelle sehen Sie die Option Cookies blockieren, damit Sie die Art der Blockierung anpassen k\u00f6nnen, die Sie ausf\u00fchren m\u00f6chten.<\/li>\n<\/ol>\n<p>Um auf die Cookie-Einstellungen des Safari-Browsers f\u00fcr iOS zuzugreifen, befolgen Sie diese Schritte (sie k\u00f6nnen je nach Browserversion variieren):<\/p>\n<ol>\n<li>Gehe zu Einstellungen, dann Safari.<\/li>\n<li>Gehen Sie zu Datenschutz und Sicherheit, Sie sehen die Option Cookies blockieren, um die Art der Blockierung anzupassen, die Sie durchf\u00fchren m\u00f6chten.<\/li>\n<\/ol>\n<p>Um auf die Browser-Cookie-Einstellungen f\u00fcr Android-Ger\u00e4te zuzugreifen, befolgen Sie diese Schritte (sie k\u00f6nnen je nach Browserversion variieren .)):<\/p>\n<ol>\n<li>Starten Sie den Browser und dr\u00fccken Sie die Men\u00fctaste, dann Einstellungen.<\/li>\n<li>Gehen Sie zu Sicherheit und Datenschutz, Sie sehen die Option Cookies akzeptieren, um die Box zu aktivieren oder zu deaktivieren.<\/li>\n<\/ol>\n<p>Um auf die Browser-Cookie-Einstellungen f\u00fcr Windows Phone-Ger\u00e4te zuzugreifen, befolgen Sie diese Schritte (sie k\u00f6nnen je nach Browserversion variieren .)):<\/p>\n<ol>\n<li>\u00d6ffnen Sie Internet Explorer, dann Mehr, dann Einstellungen<\/li>\n<li>Jetzt k\u00f6nnen Sie das Feld Cookies zulassen aktivieren oder deaktivieren.<\/li>\n<\/ol>\n","protected":false},"excerpt":{"rendered":"<p>Was ist ein Cookie? Ein Cookie ist eine harmlose Textdatei, die in Ihrem Browser gespeichert wird, wenn Sie fast jede Webseite besuchen. Der Nutzen des Cookies besteht darin, dass sich das Web an Ihren Besuch erinnern kann, wenn Sie auf diese Seite zur\u00fcckkehren. Obwohl viele es nicht wissen, werden Cookies seit 20 Jahren verwendet, als<\/p>\n","protected":false},"author":3,"featured_media":0,"parent":0,"menu_order":0,"comment_status":"closed","ping_status":"closed","template":"","meta":{"footnotes":""},"yoast_head":"<!-- This site is optimized with the Yoast SEO plugin v23.5 - https:\/\/yoast.com\/wordpress\/plugins\/seo\/ -->\n<title>Weitere Informationen zu Cookies - Frutas Plasencia<\/title>\n<meta name=\"robots\" content=\"index, follow, max-snippet:-1, max-image-preview:large, max-video-preview:-1\" \/>\n<link rel=\"canonical\" href=\"https:\/\/frutasplasencia.com\/de\/mas-informacion-sobre-las-cookies\/\" \/>\n<meta property=\"og:locale\" content=\"de_DE\" \/>\n<meta property=\"og:type\" content=\"article\" \/>\n<meta property=\"og:title\" content=\"Weitere Informationen zu Cookies - Frutas Plasencia\" \/>\n<meta property=\"og:description\" content=\"Was ist ein Cookie? Ein Cookie ist eine harmlose Textdatei, die in Ihrem Browser gespeichert wird, wenn Sie fast jede Webseite besuchen. Der Nutzen des Cookies besteht darin, dass sich das Web an Ihren Besuch erinnern kann, wenn Sie auf diese Seite zur\u00fcckkehren. Obwohl viele es nicht wissen, werden Cookies seit 20 Jahren verwendet, als\" \/>\n<meta property=\"og:url\" content=\"https:\/\/frutasplasencia.com\/de\/mas-informacion-sobre-las-cookies\/\" \/>\n<meta property=\"og:site_name\" content=\"Frutas Plasencia\" \/>\n<meta property=\"article:modified_time\" content=\"2021-08-10T09:55:54+00:00\" \/>\n<meta name=\"twitter:card\" content=\"summary_large_image\" \/>\n<meta name=\"twitter:label1\" content=\"Gesch\u00e4tzte Lesezeit\" \/>\n\t<meta name=\"twitter:data1\" content=\"5\u00a0Minuten\" \/>\n<script type=\"application\/ld+json\" class=\"yoast-schema-graph\">{\"@context\":\"https:\/\/schema.org\",\"@graph\":[{\"@type\":\"WebPage\",\"@id\":\"https:\/\/frutasplasencia.com\/de\/mas-informacion-sobre-las-cookies\/\",\"url\":\"https:\/\/frutasplasencia.com\/de\/mas-informacion-sobre-las-cookies\/\",\"name\":\"Weitere Informationen zu Cookies - Frutas Plasencia\",\"isPartOf\":{\"@id\":\"https:\/\/frutasplasencia.com\/#website\"},\"datePublished\":\"2016-07-04T08:35:06+00:00\",\"dateModified\":\"2021-08-10T09:55:54+00:00\",\"breadcrumb\":{\"@id\":\"https:\/\/frutasplasencia.com\/de\/mas-informacion-sobre-las-cookies\/#breadcrumb\"},\"inLanguage\":\"de\",\"potentialAction\":[{\"@type\":\"ReadAction\",\"target\":[\"https:\/\/frutasplasencia.com\/de\/mas-informacion-sobre-las-cookies\/\"]}]},{\"@type\":\"BreadcrumbList\",\"@id\":\"https:\/\/frutasplasencia.com\/de\/mas-informacion-sobre-las-cookies\/#breadcrumb\",\"itemListElement\":[{\"@type\":\"ListItem\",\"position\":1,\"name\":\"Portada\",\"item\":\"https:\/\/frutasplasencia.com\/de\/\"},{\"@type\":\"ListItem\",\"position\":2,\"name\":\"Weitere Informationen zu Cookies\"}]},{\"@type\":\"WebSite\",\"@id\":\"https:\/\/frutasplasencia.com\/#website\",\"url\":\"https:\/\/frutasplasencia.com\/\",\"name\":\"Frutas Plasencia\",\"description\":\"Naranjas, mandarinas, melones y sand\u00edas\",\"potentialAction\":[{\"@type\":\"SearchAction\",\"target\":{\"@type\":\"EntryPoint\",\"urlTemplate\":\"https:\/\/frutasplasencia.com\/?s={search_term_string}\"},\"query-input\":{\"@type\":\"PropertyValueSpecification\",\"valueRequired\":true,\"valueName\":\"search_term_string\"}}],\"inLanguage\":\"de\"}]}<\/script>\n<!-- \/ Yoast SEO plugin. -->","yoast_head_json":{"title":"Weitere Informationen zu Cookies - Frutas Plasencia","robots":{"index":"index","follow":"follow","max-snippet":"max-snippet:-1","max-image-preview":"max-image-preview:large","max-video-preview":"max-video-preview:-1"},"canonical":"https:\/\/frutasplasencia.com\/de\/mas-informacion-sobre-las-cookies\/","og_locale":"de_DE","og_type":"article","og_title":"Weitere Informationen zu Cookies - Frutas Plasencia","og_description":"Was ist ein Cookie? Ein Cookie ist eine harmlose Textdatei, die in Ihrem Browser gespeichert wird, wenn Sie fast jede Webseite besuchen. Der Nutzen des Cookies besteht darin, dass sich das Web an Ihren Besuch erinnern kann, wenn Sie auf diese Seite zur\u00fcckkehren. Obwohl viele es nicht wissen, werden Cookies seit 20 Jahren verwendet, als","og_url":"https:\/\/frutasplasencia.com\/de\/mas-informacion-sobre-las-cookies\/","og_site_name":"Frutas Plasencia","article_modified_time":"2021-08-10T09:55:54+00:00","twitter_card":"summary_large_image","twitter_misc":{"Gesch\u00e4tzte Lesezeit":"5\u00a0Minuten"},"schema":{"@context":"https:\/\/schema.org","@graph":[{"@type":"WebPage","@id":"https:\/\/frutasplasencia.com\/de\/mas-informacion-sobre-las-cookies\/","url":"https:\/\/frutasplasencia.com\/de\/mas-informacion-sobre-las-cookies\/","name":"Weitere Informationen zu Cookies - Frutas Plasencia","isPartOf":{"@id":"https:\/\/frutasplasencia.com\/#website"},"datePublished":"2016-07-04T08:35:06+00:00","dateModified":"2021-08-10T09:55:54+00:00","breadcrumb":{"@id":"https:\/\/frutasplasencia.com\/de\/mas-informacion-sobre-las-cookies\/#breadcrumb"},"inLanguage":"de","potentialAction":[{"@type":"ReadAction","target":["https:\/\/frutasplasencia.com\/de\/mas-informacion-sobre-las-cookies\/"]}]},{"@type":"BreadcrumbList","@id":"https:\/\/frutasplasencia.com\/de\/mas-informacion-sobre-las-cookies\/#breadcrumb","itemListElement":[{"@type":"ListItem","position":1,"name":"Portada","item":"https:\/\/frutasplasencia.com\/de\/"},{"@type":"ListItem","position":2,"name":"Weitere Informationen zu Cookies"}]},{"@type":"WebSite","@id":"https:\/\/frutasplasencia.com\/#website","url":"https:\/\/frutasplasencia.com\/","name":"Frutas Plasencia","description":"Naranjas, mandarinas, melones y sand\u00edas","potentialAction":[{"@type":"SearchAction","target":{"@type":"EntryPoint","urlTemplate":"https:\/\/frutasplasencia.com\/?s={search_term_string}"},"query-input":{"@type":"PropertyValueSpecification","valueRequired":true,"valueName":"search_term_string"}}],"inLanguage":"de"}]}},"_links":{"self":[{"href":"https:\/\/frutasplasencia.com\/de\/wp-json\/wp\/v2\/pages\/1414"}],"collection":[{"href":"https:\/\/frutasplasencia.com\/de\/wp-json\/wp\/v2\/pages"}],"about":[{"href":"https:\/\/frutasplasencia.com\/de\/wp-json\/wp\/v2\/types\/page"}],"author":[{"embeddable":true,"href":"https:\/\/frutasplasencia.com\/de\/wp-json\/wp\/v2\/users\/3"}],"replies":[{"embeddable":true,"href":"https:\/\/frutasplasencia.com\/de\/wp-json\/wp\/v2\/comments?post=1414"}],"version-history":[{"count":1,"href":"https:\/\/frutasplasencia.com\/de\/wp-json\/wp\/v2\/pages\/1414\/revisions"}],"predecessor-version":[{"id":1416,"href":"https:\/\/frutasplasencia.com\/de\/wp-json\/wp\/v2\/pages\/1414\/revisions\/1416"}],"wp:attachment":[{"href":"https:\/\/frutasplasencia.com\/de\/wp-json\/wp\/v2\/media?parent=1414"}],"curies":[{"name":"wp","href":"https:\/\/api.w.org\/{rel}","templated":true}]}}